{"id":2963,"date":"2025-08-30T13:03:32","date_gmt":"2025-08-30T11:03:32","guid":{"rendered":"https:\/\/www.staywin.pl\/jaglana-6-a3\/"},"modified":"2025-11-27T22:53:01","modified_gmt":"2025-11-27T21:53:01","slug":"jaglana-6-a3","status":"publish","type":"page","link":"https:\/\/www.staywin.pl\/en\/jaglana-6-a3\/","title":{"rendered":"Jaglana 6-A3"},"content":{"rendered":"<section class=\"u-border-2 u-border-no-left u-border-no-right u-border-no-top u-border-palette-1-base u-clearfix u-image u-shading lazyload u-section-2\" id=\"block-8\" data-bg=\"linear-gradient(to bottom, rgba(0, 0, 0, 0.65), rgba(0, 0, 0, 0.65)), url('https:\/\/www.staywin.pl\/wp-content\/uploads\/2025\/08\/gdansk-7505686_1280-1.jpg')\">\n      <div class=\"u-clearfix u-sheet u-sheet-1\">\n        <h1 class=\"u-text u-text-default-lg u-text-default-md u-text-default-sm u-text-default-xl u-text-1\"> Jaglana 6\/A3 z ogr\u00f3dkiem<\/h1>\n        <h2 class=\"u-text u-text-default-lg u-text-default-md u-text-default-sm u-text-default-xl u-text-palette-1-base u-text-2\">&nbsp;<\/h2>\n      <\/div>\n    <\/section>\n    <section class=\"u-clearfix u-gradient u-section-3\" id=\"block-9\">\n      <div class=\"u-clearfix u-sheet u-sheet-1\"><\/div>\n    <\/section>\n    <section class=\"u-clearfix u-section-4\" id=\"sec-71fa\">\n      <div class=\"u-clearfix u-sheet u-sheet-1\">\n        <div class=\"data-layout-selected u-clearfix u-expanded-width u-layout-wrap u-layout-wrap-1\">\n          <div class=\"u-layout\">\n            <div class=\"u-layout-row\">\n              <div class=\"u-container-style u-layout-cell u-size-36 u-layout-cell-1\">\n                <div class=\"u-container-layout u-container-layout-1\">\n                  <h2 class=\"u-text u-text-default u-text-grey-30 u-text-1\">4-person apartment<\/h2>\n                  <h2 class=\"u-text u-text-2\"> Rest worthy of gold!<\/h2>\n                  <div class=\"u-shortcode u-shortcode-1\"><p>Apartament nie zosta\u0142 znaleziony.<\/p><\/div>\n                  <div class=\"u-shortcode u-shortcode-2\"><p>Apartament nie zosta\u0142 znaleziony.<\/p><\/div>\n                  <span class=\"u-file-icon u-icon u-text-palette-1-base u-icon-1\"><img decoding=\"async\" src=\"https:\/\/www.staywin.pl\/wp-content\/uploads\/2025\/08\/2b61b6d2-1.png\" alt=\"\"><\/span>\n                  <span class=\"u-file-icon u-icon u-text-palette-1-base u-icon-2\"><img decoding=\"async\" src=\"https:\/\/www.staywin.pl\/wp-content\/uploads\/2025\/08\/08fb5ad1-1.png\" alt=\"\"><\/span>\n                  <h2 class=\"u-text u-text-default u-text-grey-30 u-text-3\">Description<\/h2>\n                  <h2 class=\"u-text u-text-4\"> Basic information<\/h2>\n                  <div class=\"custom-expanded previo-description u-shortcode u-shortcode-3\"><p>Apartament nie zosta\u0142 znaleziony.<\/p><\/div>\n                <\/div>\n              <\/div>\n              <div class=\"u-container-align-center u-container-style u-layout-cell u-shape-rectangle u-size-24 u-layout-cell-2\">\n                <div class=\"u-container-layout u-container-layout-2\">\n                  <div class=\"przyklejonyDiv u-align-center u-border-2 u-border-palette-1-base u-container-align-center u-container-style u-expanded-width u-group u-palette-3-base u-shape-rectangle u-group-1\">\n                    <div class=\"u-container-layout u-valign-top u-container-layout-3\">\n                      <div class=\"u-shortcode u-shortcode-4\"><p>Apartament nie zosta\u0142 znaleziony.<\/p><\/div>\n                      <p class=\"u-text u-text-default u-text-5\">Are you interested in the property?<\/p>\n                      <a href=\"https:\/\/staywin.stronywwwpomorze.pl\/rezerwacja\/?lang=pl&amp;arrival=&amp;departure=&amp;numberOfAdults=&amp;showRoomType=852243\" class=\"u-border-none u-btn u-button-style u-hover-feature u-hover-palette-1-dark-1 u-palette-1-base u-btn-1\" title=\"Book online\">Book online<\/a>\n                    <\/div>\n                  <\/div>\n                <\/div>\n              <\/div>\n            <\/div>\n          <\/div>\n        <\/div>\n      <\/div>\n      \n    <\/section>\n    <section class=\"u-clearfix u-section-5\" id=\"sec-8d5e\">\n      <div class=\"u-clearfix u-sheet u-valign-middle-lg u-valign-middle-md u-valign-middle-xl u-valign-middle-xs u-sheet-1\">\n        <div class=\"data-layout-selected u-clearfix u-expanded-width u-layout-wrap u-layout-wrap-1\">\n          <div class=\"u-layout\">\n            <div class=\"u-layout-col\">\n              <div class=\"u-container-style u-layout-cell u-size-30 u-layout-cell-1\">\n                <div class=\"u-border-2 u-border-grey-50 u-border-no-left u-border-no-right u-border-no-top u-container-layout u-valign-top-xs u-container-layout-1\">\n                  <h2 class=\"u-text u-text-default u-text-grey-30 u-text-1\">Convenience<\/h2>\n                  <h2 class=\"u-text u-text-default u-text-2\"> Amenities<\/h2>\n                <\/div>\n              <\/div>\n              <div class=\"u-container-style u-layout-cell u-size-30 u-layout-cell-2\">\n                <div class=\"u-container-layout u-valign-bottom-xl u-valign-bottom-xs u-valign-top-lg u-valign-top-md u-valign-top-sm u-container-layout-2\">\n                  <div class=\"u-shortcode u-shortcode-1\"><p>Apartament nie zosta\u0142 znaleziony.<\/p><\/div>\n                <\/div>\n              <\/div>\n            <\/div>\n          <\/div>\n        <\/div>\n      <\/div>\n    <\/section>\n    <section class=\"u-clearfix u-section-6\" id=\"sec-b4f2\">\n      <div class=\"u-clearfix u-sheet u-valign-middle u-sheet-1\">\n        <div class=\"data-layout-selected u-clearfix u-expanded-width u-layout-wrap u-layout-wrap-1\">\n          <div class=\"u-layout\">\n            <div class=\"u-layout-col\">\n              <div class=\"u-container-style u-layout-cell u-size-30 u-layout-cell-1\">\n                <div class=\"u-border-2 u-border-grey-50 u-border-no-left u-border-no-right u-border-no-top u-container-layout u-container-layout-1\">\n                  <h2 class=\"u-text u-text-default u-text-grey-30 u-text-1\">Relax<\/h2>\n                  <h2 class=\"u-text u-text-default u-text-2\">Additional information<\/h2>\n                <\/div>\n              <\/div>\n              <div class=\"u-align-justify-sm u-align-justify-xs u-container-style u-layout-cell u-size-30 u-layout-cell-2\">\n                <div class=\"u-container-layout u-valign-middle u-container-layout-2\">\n                  <p class=\"u-text u-text-default u-text-3\"> Toru\u0144skim \u0142\u0105cz\u0105cym dwie odnogi rzeki Mot\u0142awy, z widokiem na <span style=\"font-weight: 700;\">Biskupi\u0105 G\u00f3rk\u0119<\/span> i <span style=\"font-weight: 700;\">przysta\u0144 \u017babi Kruk<\/span>. Zaprojektowane i urz\u0105dzone przez w\u0142a\u015bcicielk\u0119, kt\u00f3ra jest stylistk\u0105 wn\u0119trz. Na \u015bcianie fragment XVIII-wiecznej ryciny przedstawiaj\u0105cej port na Mot\u0142awie przy wyspie Spichrz\u00f3w. Smart tv, Netflix, dwie rozk\u0142adane sofy i podw\u00f3jne \u0142\u00f3\u017cko z super wygodnym materacem!!!<br>\n                    <br>Miejsce gara\u017cowe (na platformie),&nbsp; dok\u0142adnie naprzeciwko wej\u015bcia do windy. \n                  <\/p>\n                <\/div>\n              <\/div>\n            <\/div>\n          <\/div>\n        <\/div>\n      <\/div>\n    <\/section>\n    <section class=\"u-border-2 u-border-no-left u-border-no-right u-border-palette-1-base u-clearfix u-palette-3-base u-section-7\" id=\"sec-b340\">\n      <div class=\"u-clearfix u-sheet u-valign-middle-lg u-valign-middle-xl u-sheet-1\">\n        <div class=\"custom-expanded data-layout-selected u-clearfix u-expanded-width-lg u-expanded-width-md u-expanded-width-sm u-expanded-width-xl u-layout-wrap u-layout-wrap-1\">\n          <div class=\"u-layout\">\n            <div class=\"u-layout-col\">\n              <div class=\"u-container-style u-layout-cell u-size-30 u-layout-cell-1\">\n                <div class=\"u-border-2 u-border-grey-50 u-border-no-left u-border-no-right u-border-no-top u-container-layout u-valign-top-xs u-container-layout-1\">\n                  <h2 class=\"u-text u-text-default u-text-grey-30 u-text-1\">Photo gallery<\/h2>\n                  <h2 class=\"u-text u-text-default-lg u-text-default-md u-text-default-sm u-text-default-xl u-text-2\"> Gda\u0144sk at your fingertips \u2013 a comfortable apartment awaits<\/h2>\n                <\/div>\n              <\/div>\n              <div class=\"u-container-style u-layout-cell u-size-30 u-layout-cell-2\">\n                <div class=\"u-container-layout u-valign-top-lg u-valign-top-md u-valign-top-xl u-container-layout-2\">\n                  <div class=\"u-shortcode u-shortcode-1\"><p>Apartament nie zosta\u0142 znaleziony.<\/p><\/div>\n                <\/div>\n              <\/div>\n            <\/div>\n          <\/div>\n        <\/div>\n      <\/div>\n    <\/section>\n    <section class=\"u-clearfix u-section-8\" id=\"block-10\">\n      <div class=\"data-layout-selected u-clearfix u-expanded-width u-layout-wrap u-layout-wrap-1\">\n        <div class=\"u-layout\">\n          <div class=\"u-layout-row\">\n            <div class=\"u-container-style u-layout-cell u-size-30 u-layout-cell-1\">\n              <div class=\"u-container-layout u-valign-top u-container-layout-1\">\n                <h2 class=\"u-text u-text-default u-text-grey-30 u-text-1\">Location<\/h2>\n                <h2 class=\"u-text u-text-default u-text-2\">How do I get there?<\/h2>\n                <p class=\"u-text u-text-default u-text-3\">Next to it you will find a map with the exact location of the apartment where you will be staying \u2013 thanks to it you will easily plan your trip and quickly reach your destination.<br>\n                  <br>\n                  <span style=\"font-weight: 700;\">Attention:<\/span>\n                  <br> The keys to the apartment are located in a special box next to the door. The code for the box will be sent to you on arrival.<br> Prosimy r\u00f3wnie\u017c o kr\u00f3tk\u0105 informacj\u0119 po dotarciu na miejsce.<br>\n                  <br>\n                  <span style=\"font-weight: 700;\">Additional option:<\/span>\n                  <br> If you would like an airport transfer, please send us your flight number and landing time \u2013 we will take care of the rest!<br>\n                <\/p>\n                <p class=\"u-text u-text-default u-text-4\">\n                  <span class=\"u-file-icon u-icon u-text-palette-1-base\"><img decoding=\"async\" src=\"https:\/\/www.staywin.pl\/wp-content\/uploads\/2025\/08\/ab86449f-1.png\" alt=\"\"><\/span>&nbsp;<span style=\"font-weight: 700;\">Apartment address:<\/span> Jaglana 6\/A3<br>\n                <\/p>\n                <p class=\"u-text u-text-default u-text-5\">\n                  <span class=\"u-file-icon u-icon u-text-palette-1-base\"><img decoding=\"async\" src=\"https:\/\/www.staywin.pl\/wp-content\/uploads\/2025\/08\/84f461be-1.png\" alt=\"\"><\/span>&nbsp;Check-in: from 3:00 p.m.<br>\n                <\/p>\n                <p class=\"u-text u-text-default u-text-6\">\n                  <span class=\"u-file-icon u-icon u-text-palette-1-base\"><img decoding=\"async\" src=\"https:\/\/www.staywin.pl\/wp-content\/uploads\/2025\/08\/84f461be-1.png\" alt=\"\"><\/span>&nbsp;Check-out: until 10:30<br>\n                <\/p>\n                <p class=\"u-text u-text-default u-text-7\">\n                  <span class=\"u-file-icon u-icon u-text-palette-1-base\"><img decoding=\"async\" src=\"https:\/\/www.staywin.pl\/wp-content\/uploads\/2025\/08\/84f461be-1.png\" alt=\"\"><\/span>&nbsp;Office address: Toru\u0144ska 15\/U10, Gda\u0144sk&nbsp;<br>\n                <\/p>\n              <\/div>\n            <\/div>\n            <div class=\"u-container-style u-layout-cell u-size-30 u-layout-cell-2\">\n              <div class=\"u-container-layout u-container-layout-2\">\n                <div class=\"u-absolute-hcenter u-expanded u-grey-light-2 u-map\">\n                  <div class=\"embed-responsive\">\n                    <iframe class=\"embed-responsive-item lazyload\" data-map=\"JTdCJTIyYWRkcmVzcyUyMiUzQSUyMkdkYSVDNSU4NHNrJTIwSmFnbGFuYSUyMDYlMkZBMyUyMiUyQyUyMnpvb20lMjIlM0ExNiUyQyUyMnR5cGVJZCUyMiUzQSUyMnJvYWQlMjIlMkMlMjJsYW5nJTIyJTNBbnVsbCUyQyUyMmFwaUtleSUyMiUzQW51bGwlMkMlMjJtYXJrZXJzJTIyJTNBJTVCJTVEJTdE\" data-src=\"https:\/\/maps.google.com\/maps?output=embed&amp;q=Gda%C5%84sk%20Jaglana%206%2FA3&amp;z=16&amp;t=m\" loading=\"lazy\"><\/iframe>\n                  <\/div>\n                <\/div>\n              <\/div>\n            <\/div>\n          <\/div>\n        <\/div>\n      <\/div>\n    <\/section>","protected":false},"excerpt":{"rendered":"<p>Jaglana 6\/A3 z ogr\u00f3dkiem &nbsp; Apartament 4 osobowy Wypoczynek na miar\u0119 z\u0142ota! Apartament nie zosta\u0142 znaleziony. Apartament nie zosta\u0142 znaleziony. Opis Podstawowe informacje Apartament nie zosta\u0142 znaleziony. Apartament nie zosta\u0142 znaleziony. Jeste\u015b zainteresowany obiektem? Rezerwuj online Wygoda Udogodnienia Apartament nie zosta\u0142 znaleziony. Relaks Dodatkowe informacje Toru\u0144skim \u0142\u0105cz\u0105cym dwie odnogi rzeki Mot\u0142awy, z widokiem na Biskupi\u0105 &hellip; <a href=\"https:\/\/www.staywin.pl\/en\/jaglana-6-a3\/\" class=\"more-link\">Continue reading<span class=\"screen-reader-text\"> &#8222;Jaglana 6-A3&#8221;<\/span><\/a><\/p>","protected":false},"author":1,"featured_media":0,"parent":0,"menu_order":63,"comment_status":"closed","ping_status":"closed","template":"","meta":{"footnotes":""},"class_list":["post-2963","page","type-page","status-publish","hentry"],"yoast_head":"<!-- This site is optimized with the Yoast SEO plugin v25.8 - https:\/\/yoast.com\/wordpress\/plugins\/seo\/ -->\n<title>Jaglana 6-A3 - Staywin - Apartamenty w Gda\u0144sku<\/title>\n<meta name=\"robots\" content=\"index, follow, max-snippet:-1, max-image-preview:large, max-video-preview:-1\" \/>\n<link rel=\"canonical\" href=\"https:\/\/www.staywin.pl\/en\/jaglana-6-a3\/\" \/>\n<meta property=\"og:locale\" content=\"en_GB\" \/>\n<meta property=\"og:type\" content=\"article\" \/>\n<meta property=\"og:title\" content=\"Jaglana 6-A3 - Staywin - Apartamenty w Gda\u0144sku\" \/>\n<meta property=\"og:description\" content=\"Jaglana 6\/A3 z ogr\u00f3dkiem &nbsp; Apartament 4 osobowy Wypoczynek na miar\u0119 z\u0142ota! Apartament nie zosta\u0142 znaleziony. Apartament nie zosta\u0142 znaleziony. Opis Podstawowe informacje Apartament nie zosta\u0142 znaleziony. Apartament nie zosta\u0142 znaleziony. Jeste\u015b zainteresowany obiektem? Rezerwuj online Wygoda Udogodnienia Apartament nie zosta\u0142 znaleziony. Relaks Dodatkowe informacje Toru\u0144skim \u0142\u0105cz\u0105cym dwie odnogi rzeki Mot\u0142awy, z widokiem na Biskupi\u0105 &hellip; Continue reading &quot;Jaglana 6-A3&quot;\" \/>\n<meta property=\"og:url\" content=\"https:\/\/www.staywin.pl\/en\/jaglana-6-a3\/\" \/>\n<meta property=\"og:site_name\" content=\"Staywin - Apartamenty w Gda\u0144sku\" \/>\n<meta property=\"article:modified_time\" content=\"2025-11-27T21:53:01+00:00\" \/>\n<meta name=\"twitter:card\" content=\"summary_large_image\" \/>\n<meta name=\"twitter:label1\" content=\"Estimated reading time\" \/>\n\t<meta name=\"twitter:data1\" content=\"1 minute\" \/>\n<script type=\"application\/ld+json\" class=\"yoast-schema-graph\">{\"@context\":\"https:\/\/schema.org\",\"@graph\":[{\"@type\":\"WebPage\",\"@id\":\"https:\/\/www.staywin.pl\/jaglana-6-a3\/\",\"url\":\"https:\/\/www.staywin.pl\/jaglana-6-a3\/\",\"name\":\"Jaglana 6-A3 - Staywin - Apartamenty w Gda\u0144sku\",\"isPartOf\":{\"@id\":\"https:\/\/www.staywin.pl\/#website\"},\"datePublished\":\"2025-08-30T11:03:32+00:00\",\"dateModified\":\"2025-11-27T21:53:01+00:00\",\"breadcrumb\":{\"@id\":\"https:\/\/www.staywin.pl\/jaglana-6-a3\/#breadcrumb\"},\"inLanguage\":\"en-GB\",\"potentialAction\":[{\"@type\":\"ReadAction\",\"target\":[\"https:\/\/www.staywin.pl\/jaglana-6-a3\/\"]}]},{\"@type\":\"BreadcrumbList\",\"@id\":\"https:\/\/www.staywin.pl\/jaglana-6-a3\/#breadcrumb\",\"itemListElement\":[{\"@type\":\"ListItem\",\"position\":1,\"name\":\"Strona g\u0142\u00f3wna\",\"item\":\"https:\/\/www.staywin.pl\/\"},{\"@type\":\"ListItem\",\"position\":2,\"name\":\"Jaglana 6-A3\"}]},{\"@type\":\"WebSite\",\"@id\":\"https:\/\/www.staywin.pl\/#website\",\"url\":\"https:\/\/www.staywin.pl\/\",\"name\":\"Staywin - Apartamenty w Gda\u0144sku\",\"description\":\"\",\"potentialAction\":[{\"@type\":\"SearchAction\",\"target\":{\"@type\":\"EntryPoint\",\"urlTemplate\":\"https:\/\/www.staywin.pl\/?s={search_term_string}\"},\"query-input\":{\"@type\":\"PropertyValueSpecification\",\"valueRequired\":true,\"valueName\":\"search_term_string\"}}],\"inLanguage\":\"en-GB\"}]}<\/script>\n<!-- \/ Yoast SEO plugin. -->","yoast_head_json":{"title":"Jaglana 6-A3 - Staywin - Apartamenty w Gda\u0144sku","robots":{"index":"index","follow":"follow","max-snippet":"max-snippet:-1","max-image-preview":"max-image-preview:large","max-video-preview":"max-video-preview:-1"},"canonical":"https:\/\/www.staywin.pl\/en\/jaglana-6-a3\/","og_locale":"en_GB","og_type":"article","og_title":"Jaglana 6-A3 - Staywin - Apartamenty w Gda\u0144sku","og_description":"Jaglana 6\/A3 z ogr\u00f3dkiem &nbsp; Apartament 4 osobowy Wypoczynek na miar\u0119 z\u0142ota! Apartament nie zosta\u0142 znaleziony. Apartament nie zosta\u0142 znaleziony. Opis Podstawowe informacje Apartament nie zosta\u0142 znaleziony. Apartament nie zosta\u0142 znaleziony. Jeste\u015b zainteresowany obiektem? Rezerwuj online Wygoda Udogodnienia Apartament nie zosta\u0142 znaleziony. Relaks Dodatkowe informacje Toru\u0144skim \u0142\u0105cz\u0105cym dwie odnogi rzeki Mot\u0142awy, z widokiem na Biskupi\u0105 &hellip; Continue reading \"Jaglana 6-A3\"","og_url":"https:\/\/www.staywin.pl\/en\/jaglana-6-a3\/","og_site_name":"Staywin - Apartamenty w Gda\u0144sku","article_modified_time":"2025-11-27T21:53:01+00:00","twitter_card":"summary_large_image","twitter_misc":{"Estimated reading time":"1 minute"},"schema":{"@context":"https:\/\/schema.org","@graph":[{"@type":"WebPage","@id":"https:\/\/www.staywin.pl\/jaglana-6-a3\/","url":"https:\/\/www.staywin.pl\/jaglana-6-a3\/","name":"Jaglana 6-A3 - Staywin - Apartamenty w Gda\u0144sku","isPartOf":{"@id":"https:\/\/www.staywin.pl\/#website"},"datePublished":"2025-08-30T11:03:32+00:00","dateModified":"2025-11-27T21:53:01+00:00","breadcrumb":{"@id":"https:\/\/www.staywin.pl\/jaglana-6-a3\/#breadcrumb"},"inLanguage":"en-GB","potentialAction":[{"@type":"ReadAction","target":["https:\/\/www.staywin.pl\/jaglana-6-a3\/"]}]},{"@type":"BreadcrumbList","@id":"https:\/\/www.staywin.pl\/jaglana-6-a3\/#breadcrumb","itemListElement":[{"@type":"ListItem","position":1,"name":"Strona g\u0142\u00f3wna","item":"https:\/\/www.staywin.pl\/"},{"@type":"ListItem","position":2,"name":"Jaglana 6-A3"}]},{"@type":"WebSite","@id":"https:\/\/www.staywin.pl\/#website","url":"https:\/\/www.staywin.pl\/","name":"Staywin - Apartamenty w Gda\u0144sku","description":"","potentialAction":[{"@type":"SearchAction","target":{"@type":"EntryPoint","urlTemplate":"https:\/\/www.staywin.pl\/?s={search_term_string}"},"query-input":{"@type":"PropertyValueSpecification","valueRequired":true,"valueName":"search_term_string"}}],"inLanguage":"en-GB"}]}},"_links":{"self":[{"href":"https:\/\/www.staywin.pl\/en\/wp-json\/wp\/v2\/pages\/2963","targetHints":{"allow":["GET"]}}],"collection":[{"href":"https:\/\/www.staywin.pl\/en\/wp-json\/wp\/v2\/pages"}],"about":[{"href":"https:\/\/www.staywin.pl\/en\/wp-json\/wp\/v2\/types\/page"}],"author":[{"embeddable":true,"href":"https:\/\/www.staywin.pl\/en\/wp-json\/wp\/v2\/users\/1"}],"replies":[{"embeddable":true,"href":"https:\/\/www.staywin.pl\/en\/wp-json\/wp\/v2\/comments?post=2963"}],"version-history":[{"count":2,"href":"https:\/\/www.staywin.pl\/en\/wp-json\/wp\/v2\/pages\/2963\/revisions"}],"predecessor-version":[{"id":3387,"href":"https:\/\/www.staywin.pl\/en\/wp-json\/wp\/v2\/pages\/2963\/revisions\/3387"}],"wp:attachment":[{"href":"https:\/\/www.staywin.pl\/en\/wp-json\/wp\/v2\/media?parent=2963"}],"curies":[{"name":"wp","href":"https:\/\/api.w.org\/{rel}","templated":true}]}}